{"id":85,"date":"2017-09-04T15:16:57","date_gmt":"2017-09-04T15:16:57","guid":{"rendered":"http:\/\/www.barreiroseferreira.pt\/?page_id=85"},"modified":"2017-09-04T15:19:01","modified_gmt":"2017-09-04T15:19:01","slug":"sobre-nos","status":"publish","type":"page","link":"http:\/\/www.barreiroseferreira.pt\/?page_id=85","title":{"rendered":"Sobre N\u00f3s"},"content":{"rendered":"<h2><span style=\"color: #ff6600;\"><strong>Quem Somos<\/strong><\/span><\/h2>\n<p>Empresa que comercializa combust\u00edveis, \u00f3leos e g\u00e1s. Situada no cora\u00e7\u00e3o de Arcos de Valdevez, com um posto equipado com loja, posto de lavagem auto com aspira\u00e7\u00e3o.<\/p>\n<h2><span style=\"color: #ff6600;\"><strong>Miss\u00e3o<\/strong><\/span><\/h2>\n<p>Fornecer todos os dias os melhores combust\u00edveis e lubrificantes ao pre\u00e7o mais baixo da m\u00e9dia nacional, permitindo ao cliente poupan\u00e7as, de uma forma eficiente e r\u00e1pida.<\/p>\n<h2><span style=\"color: #ff6600;\"><strong>Valores<\/strong><\/span><\/h2>\n<p><span style=\"color: #ff6600;\"><em>Compromisso<\/em>,<\/span> satisfa\u00e7\u00e3o do cliente, atrav\u00e9s de um servi\u00e7o de qualidade.<\/p>\n<p><span style=\"color: #ff6600;\"><em>Qualidade<\/em>,<\/span> procuramos que o nosso combust\u00edvel tenha o melhor desempenho poss\u00edvel, gra\u00e7as ao nosso sistema de armazenamento e rotatividade do produto.<\/p>\n<p><span style=\"color: #ff6600;\"><em>Organiza\u00e7\u00e3o<\/em><\/span>, implantamos e dinamizamos esquemas que permitam o controlo das nossas atividades.<\/p>\n<p><em><span style=\"color: #ff6600;\">Compet\u00eancia<\/span> e <span style=\"color: #ff6600;\">Honestidade<\/span>.<\/em><\/p>\n<p><\/p><p><\/p>","protected":false},"excerpt":{"rendered":"<p>Quem Somos Empresa que comercializa combust\u00edveis, \u00f3leos e g\u00e1s. Situada no cora\u00e7\u00e3o de Arcos de Valdevez, com um posto equipado com loja, posto de lavagem auto com aspira\u00e7\u00e3o. Miss\u00e3o Fornecer todos os dias os melhores combust\u00edveis e lubrificantes ao pre\u00e7o mais baixo da m\u00e9dia nacional, permitindo ao cliente poupan\u00e7as, de uma forma eficiente e r\u00e1pida. [&hellip;]<\/p>\n","protected":false},"author":1,"featured_media":0,"parent":0,"menu_order":0,"comment_status":"closed","ping_status":"closed","template":"about.php","meta":{"footnotes":""},"class_list":["post-85","page","type-page","status-publish","hentry"],"_links":{"self":[{"href":"http:\/\/www.barreiroseferreira.pt\/index.php?rest_route=\/wp\/v2\/pages\/85","targetHints":{"allow":["GET"]}}],"collection":[{"href":"http:\/\/www.barreiroseferreira.pt\/index.php?rest_route=\/wp\/v2\/pages"}],"about":[{"href":"http:\/\/www.barreiroseferreira.pt\/index.php?rest_route=\/wp\/v2\/types\/page"}],"author":[{"embeddable":true,"href":"http:\/\/www.barreiroseferreira.pt\/index.php?rest_route=\/wp\/v2\/users\/1"}],"replies":[{"embeddable":true,"href":"http:\/\/www.barreiroseferreira.pt\/index.php?rest_route=%2Fwp%2Fv2%2Fcomments&post=85"}],"version-history":[{"count":1,"href":"http:\/\/www.barreiroseferreira.pt\/index.php?rest_route=\/wp\/v2\/pages\/85\/revisions"}],"predecessor-version":[{"id":86,"href":"http:\/\/www.barreiroseferreira.pt\/index.php?rest_route=\/wp\/v2\/pages\/85\/revisions\/86"}],"wp:attachment":[{"href":"http:\/\/www.barreiroseferreira.pt\/index.php?rest_route=%2Fwp%2Fv2%2Fmedia&parent=85"}],"curies":[{"name":"wp","href":"https:\/\/api.w.org\/{rel}","templated":true}]}}